{"id":2642,"date":"2024-02-04T20:07:18","date_gmt":"2024-02-04T23:07:18","guid":{"rendered":"https:\/\/portaldasaudeebeleza.com.br\/?page_id=2642"},"modified":"2024-02-05T10:38:39","modified_gmt":"2024-02-05T13:38:39","slug":"climap-gotas","status":"publish","type":"page","link":"https:\/\/portaldasaudeebeleza.com.br\/index.php\/climap-gotas\/","title":{"rendered":"Climap Gotas"},"content":{"rendered":"\t\t<div data-elementor-type=\"wp-page\" data-elementor-id=\"2642\" class=\"elementor elementor-2642\">\n\t\t\t\t\t\t<section class=\"elementor-section elementor-top-section elementor-element elementor-element-743b068 animated-slow elementor-section-boxed elementor-section-height-default elementor-section-height-default elementor-invisible\" data-id=\"743b068\" data-element_type=\"section\" data-settings=\"{&quot;background_background&quot;:&quot;classic&quot;,&quot;animation&quot;:&quot;fadeInDown&quot;}\">\n\t\t\t\t\t\t<div class=\"elementor-container elementor-column-gap-default\">\n\t\t\t\t\t<div class=\"elementor-column elementor-col-100 elementor-top-column elementor-element elementor-element-a899a40\" data-id=\"a899a40\" data-element_type=\"column\">\n\t\t\t<div class=\"elementor-widget-wrap elementor-element-populated\">\n\t\t\t\t\t\t<div class=\"elementor-element elementor-element-d4a4079 elementor-invisible elementor-widget elementor-widget-heading\" data-id=\"d4a4079\" data-element_type=\"widget\" data-settings=\"{&quot;_animation&quot;:&quot;fadeInDown&quot;,&quot;_animation_mobile&quot;:&quot;fadeInDown&quot;}\" data-widget_type=\"heading.default\">\n\t\t\t\t<div class=\"elementor-widget-container\">\n\t\t\t\t\t<h2 class=\"elementor-heading-title elementor-size-default\">Recupere agora sua autoestima e bem estar... ESTOQUE LIMITADO!<\/h2>\t\t\t\t<\/div>\n\t\t\t\t<\/div>\n\t\t\t\t\t<\/div>\n\t\t<\/div>\n\t\t\t\t\t<\/div>\n\t\t<\/section>\n\t\t\t\t<section class=\"elementor-section elementor-top-section elementor-element elementor-element-325ac4f elementor-section-boxed elementor-section-height-default elementor-section-height-default\" data-id=\"325ac4f\" data-element_type=\"section\" data-settings=\"{&quot;background_background&quot;:&quot;classic&quot;}\">\n\t\t\t\t\t\t<div class=\"elementor-container elementor-column-gap-default\">\n\t\t\t\t\t<div class=\"elementor-column elementor-col-100 elementor-top-column elementor-element elementor-element-93336f1\" data-id=\"93336f1\" data-element_type=\"column\">\n\t\t\t<div class=\"elementor-widget-wrap elementor-element-populated\">\n\t\t\t\t\t\t<div class=\"elementor-element elementor-element-4b94690 elementor-widget elementor-widget-heading\" data-id=\"4b94690\" data-element_type=\"widget\" data-widget_type=\"heading.default\">\n\t\t\t\t<div class=\"elementor-widget-container\">\n\t\t\t\t\t<h2 class=\"elementor-heading-title elementor-size-default\">LIBERTE-SE DOS SINTOMAS DA MENOPAUSA E APROVEITE O MELHOR DA SUA VIDA\u2026<\/h2>\t\t\t\t<\/div>\n\t\t\t\t<\/div>\n\t\t\t\t\t<\/div>\n\t\t<\/div>\n\t\t\t\t\t<\/div>\n\t\t<\/section>\n\t\t\t\t<section class=\"elementor-section elementor-top-section elementor-element elementor-element-4ca4bf3 elementor-section-boxed elementor-section-height-default elementor-section-height-default\" data-id=\"4ca4bf3\" data-element_type=\"section\" data-settings=\"{&quot;background_background&quot;:&quot;classic&quot;}\">\n\t\t\t\t\t\t<div class=\"elementor-container elementor-column-gap-default\">\n\t\t\t\t\t<div class=\"elementor-column elementor-col-100 elementor-top-column elementor-element elementor-element-26f9fc1\" data-id=\"26f9fc1\" data-element_type=\"column\">\n\t\t\t<div class=\"elementor-widget-wrap elementor-element-populated\">\n\t\t\t\t\t\t<div class=\"elementor-element elementor-element-3fdf5f2 elementor-widget elementor-widget-heading\" data-id=\"3fdf5f2\" data-element_type=\"widget\" data-widget_type=\"heading.default\">\n\t\t\t\t<div class=\"elementor-widget-container\">\n\t\t\t\t\t<h2 class=\"elementor-heading-title elementor-size-default\">Condi\u00e7\u00f5es especiais por tempo limitado!!!<\/h2>\t\t\t\t<\/div>\n\t\t\t\t<\/div>\n\t\t\t\t\t<\/div>\n\t\t<\/div>\n\t\t\t\t\t<\/div>\n\t\t<\/section>\n\t\t\t\t<section class=\"elementor-section elementor-top-section elementor-element elementor-element-d8e26c3 elementor-section-boxed elementor-section-height-default elementor-section-height-default\" data-id=\"d8e26c3\" data-element_type=\"section\" data-settings=\"{&quot;background_background&quot;:&quot;gradient&quot;}\">\n\t\t\t\t\t\t<div class=\"elementor-container elementor-column-gap-default\">\n\t\t\t\t\t<div class=\"elementor-column elementor-col-100 elementor-top-column elementor-element elementor-element-f096f3f\" data-id=\"f096f3f\" data-element_type=\"column\">\n\t\t\t<div class=\"elementor-widget-wrap elementor-element-populated\">\n\t\t\t\t\t\t<div class=\"elementor-element elementor-element-719678a elementor-widget elementor-widget-image\" data-id=\"719678a\" data-element_type=\"widget\" data-widget_type=\"image.default\">\n\t\t\t\t<div class=\"elementor-widget-container\">\n\t\t\t\t\t\t\t\t\t\t\t\t\t\t\t<img fetchpriority=\"high\" decoding=\"async\" width=\"1024\" height=\"576\" src=\"https:\/\/portaldasaudeebeleza.com.br\/wp-content\/uploads\/2024\/02\/c5.001-1024x576.jpeg\" class=\"attachment-large size-large wp-image-2651\" alt=\"\" srcset=\"https:\/\/portaldasaudeebeleza.com.br\/wp-content\/uploads\/2024\/02\/c5.001-1024x576.jpeg 1024w, https:\/\/portaldasaudeebeleza.com.br\/wp-content\/uploads\/2024\/02\/c5.001-300x169.jpeg 300w, https:\/\/portaldasaudeebeleza.com.br\/wp-content\/uploads\/2024\/02\/c5.001-768x432.jpeg 768w, https:\/\/portaldasaudeebeleza.com.br\/wp-content\/uploads\/2024\/02\/c5.001-1536x864.jpeg 1536w, https:\/\/portaldasaudeebeleza.com.br\/wp-content\/uploads\/2024\/02\/c5.001.jpeg 1920w\" sizes=\"(max-width: 1024px) 100vw, 1024px\" \/>\t\t\t\t\t\t\t\t\t\t\t\t\t\t\t<\/div>\n\t\t\t\t<\/div>\n\t\t\t\t\t<\/div>\n\t\t<\/div>\n\t\t\t\t\t<\/div>\n\t\t<\/section>\n\t\t\t\t<section class=\"elementor-section elementor-top-section elementor-element elementor-element-ed0d8a8 elementor-section-boxed elementor-section-height-default elementor-section-height-default\" data-id=\"ed0d8a8\" data-element_type=\"section\" data-settings=\"{&quot;background_background&quot;:&quot;classic&quot;}\">\n\t\t\t\t\t\t<div class=\"elementor-container elementor-column-gap-default\">\n\t\t\t\t\t<div class=\"elementor-column elementor-col-100 elementor-top-column elementor-element elementor-element-67c85dc\" data-id=\"67c85dc\" data-element_type=\"column\">\n\t\t\t<div class=\"elementor-widget-wrap elementor-element-populated\">\n\t\t\t\t\t\t<div class=\"elementor-element elementor-element-9460995 elementor-widget elementor-widget-image\" data-id=\"9460995\" data-element_type=\"widget\" data-widget_type=\"image.default\">\n\t\t\t\t<div class=\"elementor-widget-container\">\n\t\t\t\t\t\t\t\t\t\t\t\t\t\t\t<img decoding=\"async\" width=\"1024\" height=\"576\" src=\"https:\/\/portaldasaudeebeleza.com.br\/wp-content\/uploads\/2024\/02\/bene.001-1024x576.jpeg\" class=\"attachment-large size-large wp-image-2657\" alt=\"\" srcset=\"https:\/\/portaldasaudeebeleza.com.br\/wp-content\/uploads\/2024\/02\/bene.001-1024x576.jpeg 1024w, https:\/\/portaldasaudeebeleza.com.br\/wp-content\/uploads\/2024\/02\/bene.001-300x169.jpeg 300w, https:\/\/portaldasaudeebeleza.com.br\/wp-content\/uploads\/2024\/02\/bene.001-768x432.jpeg 768w, https:\/\/portaldasaudeebeleza.com.br\/wp-content\/uploads\/2024\/02\/bene.001-1536x864.jpeg 1536w, https:\/\/portaldasaudeebeleza.com.br\/wp-content\/uploads\/2024\/02\/bene.001.jpeg 1920w\" sizes=\"(max-width: 1024px) 100vw, 1024px\" \/>\t\t\t\t\t\t\t\t\t\t\t\t\t\t\t<\/div>\n\t\t\t\t<\/div>\n\t\t\t\t\t<\/div>\n\t\t<\/div>\n\t\t\t\t\t<\/div>\n\t\t<\/section>\n\t\t\t\t<section class=\"elementor-section elementor-top-section elementor-element elementor-element-657da84 elementor-section-boxed elementor-section-height-default elementor-section-height-default\" data-id=\"657da84\" data-element_type=\"section\" data-settings=\"{&quot;background_background&quot;:&quot;gradient&quot;}\">\n\t\t\t\t\t\t<div class=\"elementor-container elementor-column-gap-default\">\n\t\t\t\t\t<div class=\"elementor-column elementor-col-100 elementor-top-column elementor-element elementor-element-93531b7\" data-id=\"93531b7\" data-element_type=\"column\">\n\t\t\t<div class=\"elementor-widget-wrap elementor-element-populated\">\n\t\t\t\t\t\t<div class=\"elementor-element elementor-element-b1fb937 elementor-align-center elementor-invisible elementor-widget elementor-widget-button\" data-id=\"b1fb937\" data-element_type=\"widget\" data-settings=\"{&quot;_animation&quot;:&quot;fadeInDown&quot;,&quot;_animation_mobile&quot;:&quot;fadeInDown&quot;}\" data-widget_type=\"button.default\">\n\t\t\t\t<div class=\"elementor-widget-container\">\n\t\t\t\t\t\t\t\t\t<div class=\"elementor-button-wrapper\">\n\t\t\t\t\t<a class=\"elementor-button elementor-button-link elementor-size-sm elementor-animation-pulse-shrink\" href=\"https:\/\/ev.braip.com\/ref?pv=pro3od21&#038;af=afi7gdy22x\">\n\t\t\t\t\t\t<span class=\"elementor-button-content-wrapper\">\n\t\t\t\t\t\t\t\t\t<span class=\"elementor-button-text\">SAIBA MAIS SOBRE O CLIMAP E BENEF\u00cdCIOS...<\/span>\n\t\t\t\t\t<\/span>\n\t\t\t\t\t<\/a>\n\t\t\t\t<\/div>\n\t\t\t\t\t\t\t\t<\/div>\n\t\t\t\t<\/div>\n\t\t\t\t\t<\/div>\n\t\t<\/div>\n\t\t\t\t\t<\/div>\n\t\t<\/section>\n\t\t\t\t<section class=\"elementor-section elementor-top-section elementor-element elementor-element-86f6819 elementor-section-boxed elementor-section-height-default elementor-section-height-default\" data-id=\"86f6819\" data-element_type=\"section\">\n\t\t\t\t\t\t<div class=\"elementor-container elementor-column-gap-default\">\n\t\t\t\t\t<div class=\"elementor-column elementor-col-100 elementor-top-column elementor-element elementor-element-c7d9d62\" data-id=\"c7d9d62\" data-element_type=\"column\">\n\t\t\t<div class=\"elementor-widget-wrap elementor-element-populated\">\n\t\t\t\t\t\t<div class=\"elementor-element elementor-element-75ce0c3 elementor-widget elementor-widget-image\" data-id=\"75ce0c3\" data-element_type=\"widget\" data-widget_type=\"image.default\">\n\t\t\t\t<div class=\"elementor-widget-container\">\n\t\t\t\t\t\t\t\t\t\t\t\t\t\t\t<img decoding=\"async\" width=\"1024\" height=\"100\" src=\"https:\/\/portaldasaudeebeleza.com.br\/wp-content\/uploads\/2024\/02\/Captura-de-Tela-2024-01-27-as-15.16.31-1024x100.png\" class=\"attachment-large size-large wp-image-2670\" alt=\"\" srcset=\"https:\/\/portaldasaudeebeleza.com.br\/wp-content\/uploads\/2024\/02\/Captura-de-Tela-2024-01-27-as-15.16.31-1024x100.png 1024w, https:\/\/portaldasaudeebeleza.com.br\/wp-content\/uploads\/2024\/02\/Captura-de-Tela-2024-01-27-as-15.16.31-300x29.png 300w, https:\/\/portaldasaudeebeleza.com.br\/wp-content\/uploads\/2024\/02\/Captura-de-Tela-2024-01-27-as-15.16.31-768x75.png 768w, https:\/\/portaldasaudeebeleza.com.br\/wp-content\/uploads\/2024\/02\/Captura-de-Tela-2024-01-27-as-15.16.31.png 1164w\" sizes=\"(max-width: 1024px) 100vw, 1024px\" \/>\t\t\t\t\t\t\t\t\t\t\t\t\t\t\t<\/div>\n\t\t\t\t<\/div>\n\t\t\t\t\t<\/div>\n\t\t<\/div>\n\t\t\t\t\t<\/div>\n\t\t<\/section>\n\t\t\t\t<section class=\"elementor-section elementor-top-section elementor-element elementor-element-1ef3c2e elementor-section-boxed elementor-section-height-default elementor-section-height-default\" data-id=\"1ef3c2e\" data-element_type=\"section\" data-settings=\"{&quot;background_background&quot;:&quot;gradient&quot;}\">\n\t\t\t\t\t\t\t<div class=\"elementor-background-overlay\"><\/div>\n\t\t\t\t\t\t\t<div class=\"elementor-container elementor-column-gap-default\">\n\t\t\t\t\t<div class=\"elementor-column elementor-col-100 elementor-top-column elementor-element elementor-element-8559673\" data-id=\"8559673\" data-element_type=\"column\">\n\t\t\t<div class=\"elementor-widget-wrap elementor-element-populated\">\n\t\t\t\t\t\t<div class=\"elementor-element elementor-element-3662d77 elementor-widget elementor-widget-heading\" data-id=\"3662d77\" data-element_type=\"widget\" data-widget_type=\"heading.default\">\n\t\t\t\t<div class=\"elementor-widget-container\">\n\t\t\t\t\t<h2 class=\"elementor-heading-title elementor-size-default\">OPINI\u00d5ES DE ALGUMAS DE NOSSAS CLIENTES...<\/h2>\t\t\t\t<\/div>\n\t\t\t\t<\/div>\n\t\t\t\t<div class=\"elementor-element elementor-element-78094a6 animated-slow elementor-invisible elementor-widget elementor-widget-image\" data-id=\"78094a6\" data-element_type=\"widget\" data-settings=\"{&quot;_animation&quot;:&quot;fadeInLeft&quot;}\" data-widget_type=\"image.default\">\n\t\t\t\t<div class=\"elementor-widget-container\">\n\t\t\t\t\t\t\t\t\t\t\t\t\t\t\t<img loading=\"lazy\" decoding=\"async\" width=\"1024\" height=\"576\" src=\"https:\/\/portaldasaudeebeleza.com.br\/wp-content\/uploads\/2024\/02\/BENE2.001-1024x576.jpeg\" class=\"attachment-large size-large wp-image-2666\" alt=\"\" srcset=\"https:\/\/portaldasaudeebeleza.com.br\/wp-content\/uploads\/2024\/02\/BENE2.001-1024x576.jpeg 1024w, https:\/\/portaldasaudeebeleza.com.br\/wp-content\/uploads\/2024\/02\/BENE2.001-300x169.jpeg 300w, https:\/\/portaldasaudeebeleza.com.br\/wp-content\/uploads\/2024\/02\/BENE2.001-768x432.jpeg 768w, https:\/\/portaldasaudeebeleza.com.br\/wp-content\/uploads\/2024\/02\/BENE2.001-1536x864.jpeg 1536w, https:\/\/portaldasaudeebeleza.com.br\/wp-content\/uploads\/2024\/02\/BENE2.001.jpeg 1920w\" sizes=\"(max-width: 1024px) 100vw, 1024px\" \/>\t\t\t\t\t\t\t\t\t\t\t\t\t\t\t<\/div>\n\t\t\t\t<\/div>\n\t\t\t\t\t<\/div>\n\t\t<\/div>\n\t\t\t\t\t<\/div>\n\t\t<\/section>\n\t\t\t\t<section class=\"elementor-section elementor-top-section elementor-element elementor-element-b5fb3db elementor-section-boxed elementor-section-height-default elementor-section-height-default\" data-id=\"b5fb3db\" data-element_type=\"section\">\n\t\t\t\t\t\t<div class=\"elementor-container elementor-column-gap-default\">\n\t\t\t\t\t<div class=\"elementor-column elementor-col-100 elementor-top-column elementor-element elementor-element-cdb5556\" data-id=\"cdb5556\" data-element_type=\"column\">\n\t\t\t<div class=\"elementor-widget-wrap elementor-element-populated\">\n\t\t\t\t\t\t<div class=\"elementor-element elementor-element-5b35362 elementor-widget elementor-widget-image\" data-id=\"5b35362\" data-element_type=\"widget\" data-widget_type=\"image.default\">\n\t\t\t\t<div class=\"elementor-widget-container\">\n\t\t\t\t\t\t\t\t\t\t\t\t\t\t\t\t<a href=\"https:\/\/ev.braip.com\/ref?pv=pro3od21&#038;af=afi7gdy22x\">\n\t\t\t\t\t\t\t<img loading=\"lazy\" decoding=\"async\" width=\"1024\" height=\"576\" src=\"https:\/\/portaldasaudeebeleza.com.br\/wp-content\/uploads\/2024\/02\/GARA2.001-1024x576.jpeg\" class=\"attachment-large size-large wp-image-2696\" alt=\"\" srcset=\"https:\/\/portaldasaudeebeleza.com.br\/wp-content\/uploads\/2024\/02\/GARA2.001-1024x576.jpeg 1024w, https:\/\/portaldasaudeebeleza.com.br\/wp-content\/uploads\/2024\/02\/GARA2.001-300x169.jpeg 300w, https:\/\/portaldasaudeebeleza.com.br\/wp-content\/uploads\/2024\/02\/GARA2.001-768x432.jpeg 768w, https:\/\/portaldasaudeebeleza.com.br\/wp-content\/uploads\/2024\/02\/GARA2.001-1536x864.jpeg 1536w, https:\/\/portaldasaudeebeleza.com.br\/wp-content\/uploads\/2024\/02\/GARA2.001.jpeg 1920w\" sizes=\"(max-width: 1024px) 100vw, 1024px\" \/>\t\t\t\t\t\t\t\t<\/a>\n\t\t\t\t\t\t\t\t\t\t\t\t\t\t\t<\/div>\n\t\t\t\t<\/div>\n\t\t\t\t\t<\/div>\n\t\t<\/div>\n\t\t\t\t\t<\/div>\n\t\t<\/section>\n\t\t\t\t<section class=\"elementor-section elementor-top-section elementor-element elementor-element-ee80c47 elementor-section-boxed elementor-section-height-default elementor-section-height-default\" data-id=\"ee80c47\" data-element_type=\"section\" data-settings=\"{&quot;background_background&quot;:&quot;gradient&quot;}\">\n\t\t\t\t\t\t<div class=\"elementor-container elementor-column-gap-default\">\n\t\t\t\t\t<div class=\"elementor-column elementor-col-100 elementor-top-column elementor-element elementor-element-fb7b6c8\" data-id=\"fb7b6c8\" data-element_type=\"column\">\n\t\t\t<div class=\"elementor-widget-wrap elementor-element-populated\">\n\t\t\t\t\t\t<div class=\"elementor-element elementor-element-c2557f1 animated-slow elementor-invisible elementor-widget elementor-widget-image\" data-id=\"c2557f1\" data-element_type=\"widget\" data-settings=\"{&quot;_animation&quot;:&quot;fadeInLeft&quot;}\" data-widget_type=\"image.default\">\n\t\t\t\t<div class=\"elementor-widget-container\">\n\t\t\t\t\t\t\t\t\t\t\t\t\t\t\t<img loading=\"lazy\" decoding=\"async\" width=\"1024\" height=\"576\" src=\"https:\/\/portaldasaudeebeleza.com.br\/wp-content\/uploads\/2024\/02\/preco.001-1-1024x576.jpeg\" class=\"attachment-large size-large wp-image-2685\" alt=\"\" srcset=\"https:\/\/portaldasaudeebeleza.com.br\/wp-content\/uploads\/2024\/02\/preco.001-1-1024x576.jpeg 1024w, https:\/\/portaldasaudeebeleza.com.br\/wp-content\/uploads\/2024\/02\/preco.001-1-300x169.jpeg 300w, https:\/\/portaldasaudeebeleza.com.br\/wp-content\/uploads\/2024\/02\/preco.001-1-768x432.jpeg 768w, https:\/\/portaldasaudeebeleza.com.br\/wp-content\/uploads\/2024\/02\/preco.001-1-1536x864.jpeg 1536w, https:\/\/portaldasaudeebeleza.com.br\/wp-content\/uploads\/2024\/02\/preco.001-1.jpeg 1920w\" sizes=\"(max-width: 1024px) 100vw, 1024px\" \/>\t\t\t\t\t\t\t\t\t\t\t\t\t\t\t<\/div>\n\t\t\t\t<\/div>\n\t\t\t\t\t<\/div>\n\t\t<\/div>\n\t\t\t\t\t<\/div>\n\t\t<\/section>\n\t\t\t\t<section class=\"elementor-section elementor-top-section elementor-element elementor-element-8d713cf elementor-section-boxed elementor-section-height-default elementor-section-height-default\" data-id=\"8d713cf\" data-element_type=\"section\" data-settings=\"{&quot;background_background&quot;:&quot;gradient&quot;}\">\n\t\t\t\t\t\t<div class=\"elementor-container elementor-column-gap-default\">\n\t\t\t\t\t<div class=\"elementor-column elementor-col-100 elementor-top-column elementor-element elementor-element-7e7acf9\" data-id=\"7e7acf9\" data-element_type=\"column\">\n\t\t\t<div class=\"elementor-widget-wrap elementor-element-populated\">\n\t\t\t\t\t\t<div class=\"elementor-element elementor-element-3636aad elementor-align-center elementor-invisible elementor-widget elementor-widget-button\" data-id=\"3636aad\" data-element_type=\"widget\" data-settings=\"{&quot;_animation&quot;:&quot;fadeInDown&quot;,&quot;_animation_mobile&quot;:&quot;fadeInDown&quot;}\" data-widget_type=\"button.default\">\n\t\t\t\t<div class=\"elementor-widget-container\">\n\t\t\t\t\t\t\t\t\t<div class=\"elementor-button-wrapper\">\n\t\t\t\t\t<a class=\"elementor-button elementor-button-link elementor-size-sm elementor-animation-pulse-shrink\" href=\"https:\/\/ev.braip.com\/ref?pv=pro3od21&#038;af=afi7gdy22x\">\n\t\t\t\t\t\t<span class=\"elementor-button-content-wrapper\">\n\t\t\t\t\t\t\t\t\t<span class=\"elementor-button-text\">VALORES E DESCONTOS EXCLUSIVOS...<\/span>\n\t\t\t\t\t<\/span>\n\t\t\t\t\t<\/a>\n\t\t\t\t<\/div>\n\t\t\t\t\t\t\t\t<\/div>\n\t\t\t\t<\/div>\n\t\t\t\t<div class=\"elementor-element elementor-element-af0d590 elementor-widget elementor-widget-image\" data-id=\"af0d590\" data-element_type=\"widget\" data-widget_type=\"image.default\">\n\t\t\t\t<div class=\"elementor-widget-container\">\n\t\t\t\t\t\t\t\t\t\t\t\t\t\t\t<img decoding=\"async\" width=\"1024\" height=\"100\" src=\"https:\/\/portaldasaudeebeleza.com.br\/wp-content\/uploads\/2024\/02\/Captura-de-Tela-2024-01-27-as-15.16.31-1024x100.png\" class=\"attachment-large size-large wp-image-2670\" alt=\"\" srcset=\"https:\/\/portaldasaudeebeleza.com.br\/wp-content\/uploads\/2024\/02\/Captura-de-Tela-2024-01-27-as-15.16.31-1024x100.png 1024w, https:\/\/portaldasaudeebeleza.com.br\/wp-content\/uploads\/2024\/02\/Captura-de-Tela-2024-01-27-as-15.16.31-300x29.png 300w, https:\/\/portaldasaudeebeleza.com.br\/wp-content\/uploads\/2024\/02\/Captura-de-Tela-2024-01-27-as-15.16.31-768x75.png 768w, https:\/\/portaldasaudeebeleza.com.br\/wp-content\/uploads\/2024\/02\/Captura-de-Tela-2024-01-27-as-15.16.31.png 1164w\" sizes=\"(max-width: 1024px) 100vw, 1024px\" \/>\t\t\t\t\t\t\t\t\t\t\t\t\t\t\t<\/div>\n\t\t\t\t<\/div>\n\t\t\t\t\t<\/div>\n\t\t<\/div>\n\t\t\t\t\t<\/div>\n\t\t<\/section>\n\t\t\t\t<section class=\"elementor-section elementor-top-section elementor-element elementor-element-260f89f elementor-section-boxed elementor-section-height-default elementor-section-height-default\" data-id=\"260f89f\" data-element_type=\"section\" data-settings=\"{&quot;background_background&quot;:&quot;classic&quot;}\">\n\t\t\t\t\t\t<div class=\"elementor-container elementor-column-gap-default\">\n\t\t\t\t\t<div class=\"elementor-column elementor-col-100 elementor-top-column elementor-element elementor-element-1ffdf20\" data-id=\"1ffdf20\" data-element_type=\"column\">\n\t\t\t<div class=\"elementor-widget-wrap\">\n\t\t\t\t\t\t\t<\/div>\n\t\t<\/div>\n\t\t\t\t\t<\/div>\n\t\t<\/section>\n\t\t\t\t<section class=\"elementor-section elementor-top-section elementor-element elementor-element-c093d05 elementor-section-boxed elementor-section-height-default elementor-section-height-default\" data-id=\"c093d05\" data-element_type=\"section\" data-settings=\"{&quot;background_background&quot;:&quot;classic&quot;}\">\n\t\t\t\t\t\t<div class=\"elementor-container elementor-column-gap-default\">\n\t\t\t\t\t<div class=\"elementor-column elementor-col-100 elementor-top-column elementor-element elementor-element-71d5e9c\" data-id=\"71d5e9c\" data-element_type=\"column\">\n\t\t\t<div class=\"elementor-widget-wrap elementor-element-populated\">\n\t\t\t\t\t\t<div class=\"elementor-element elementor-element-b9372cb elementor-widget elementor-widget-heading\" data-id=\"b9372cb\" data-element_type=\"widget\" data-widget_type=\"heading.default\">\n\t\t\t\t<div class=\"elementor-widget-container\">\n\t\t\t\t\t<h2 class=\"elementor-heading-title elementor-size-default\">Este site participa de programas de Afiliados, o que significa que podemos receber comiss\u00e3o pelas compras realizadas via links de afiliados. A comiss\u00e3o n\u00e3o tem custo adicional para voc\u00ea e nos ajuda a manter este site em funcionamento. Apenas recomendamos produtos ou servi\u00e7os em que confiamos e que consideramos \u00fateis para os usu\u00e1rios.<\/h2>\t\t\t\t<\/div>\n\t\t\t\t<\/div>\n\t\t\t\t\t<\/div>\n\t\t<\/div>\n\t\t\t\t\t<\/div>\n\t\t<\/section>\n\t\t\t\t<\/div>\n\t\t","protected":false},"excerpt":{"rendered":"<p>Recupere agora sua autoestima e bem estar&#8230; ESTOQUE LIMITADO! LIBERTE-SE DOS SINTOMAS DA MENOPAUSA E APROVEITE O MELHOR DA SUA VIDA\u2026 Condi\u00e7\u00f5es especiais por tempo limitado!!! SAIBA MAIS SOBRE O CLIMAP E BENEF\u00cdCIOS&#8230; OPINI\u00d5ES DE ALGUMAS DE NOSSAS CLIENTES&#8230; VALORES E DESCONTOS EXCLUSIVOS&#8230; Este site participa de programas de Afiliados, o que significa que podemos [&hellip;]<\/p>\n","protected":false},"author":1,"featured_media":0,"parent":0,"menu_order":0,"comment_status":"closed","ping_status":"closed","template":"","meta":{"site-sidebar-layout":"no-sidebar","site-content-layout":"page-builder","ast-site-content-layout":"full-width-container","site-content-style":"default","site-sidebar-style":"default","ast-global-header-display":"disabled","ast-banner-title-visibility":"disabled","ast-main-header-display":"","ast-hfb-above-header-display":"","ast-hfb-below-header-display":"","ast-hfb-mobile-header-display":"","site-post-title":"disabled","ast-breadcrumbs-content":"","ast-featured-img":"disabled","footer-sml-layout":"disabled","theme-transparent-header-meta":"","adv-header-id-meta":"","stick-header-meta":"","header-above-stick-meta":"","header-main-stick-meta":"","header-below-stick-meta":"","astra-migrate-meta-layouts":"set","ast-page-background-enabled":"default","ast-page-background-meta":{"desktop":{"background-color":"var(--ast-global-color-4)","background-image":"","background-repeat":"repeat","background-position":"center center","background-size":"auto","background-attachment":"scroll","background-type":"","background-media":"","overlay-type":"","overlay-color":"","overlay-gradient":""},"tablet":{"background-color":"","background-image":"","background-repeat":"repeat","background-position":"center center","background-size":"auto","background-attachment":"scroll","background-type":"","background-media":"","overlay-type":"","overlay-color":"","overlay-gradient":""},"mobile":{"background-color":"","background-image":"","background-repeat":"repeat","background-position":"center center","background-size":"auto","background-attachment":"scroll","background-type":"","background-media":"","overlay-type":"","overlay-color":"","overlay-gradient":""}},"ast-content-background-meta":{"desktop":{"background-color":"var(--ast-global-color-5)","background-image":"","background-repeat":"repeat","background-position":"center center","background-size":"auto","background-attachment":"scroll","background-type":"","background-media":"","overlay-type":"","overlay-color":"","overlay-gradient":""},"tablet":{"background-color":"var(--ast-global-color-5)","background-image":"","background-repeat":"repeat","background-position":"center center","background-size":"auto","background-attachment":"scroll","background-type":"","background-media":"","overlay-type":"","overlay-color":"","overlay-gradient":""},"mobile":{"background-color":"var(--ast-global-color-5)","background-image":"","background-repeat":"repeat","background-position":"center center","background-size":"auto","background-attachment":"scroll","background-type":"","background-media":"","overlay-type":"","overlay-color":"","overlay-gradient":""}},"footnotes":""},"_links":{"self":[{"href":"https:\/\/portaldasaudeebeleza.com.br\/index.php\/wp-json\/wp\/v2\/pages\/2642"}],"collection":[{"href":"https:\/\/portaldasaudeebeleza.com.br\/index.php\/wp-json\/wp\/v2\/pages"}],"about":[{"href":"https:\/\/portaldasaudeebeleza.com.br\/index.php\/wp-json\/wp\/v2\/types\/page"}],"author":[{"embeddable":true,"href":"https:\/\/portaldasaudeebeleza.com.br\/index.php\/wp-json\/wp\/v2\/users\/1"}],"replies":[{"embeddable":true,"href":"https:\/\/portaldasaudeebeleza.com.br\/index.php\/wp-json\/wp\/v2\/comments?post=2642"}],"version-history":[{"count":103,"href":"https:\/\/portaldasaudeebeleza.com.br\/index.php\/wp-json\/wp\/v2\/pages\/2642\/revisions"}],"predecessor-version":[{"id":2773,"href":"https:\/\/portaldasaudeebeleza.com.br\/index.php\/wp-json\/wp\/v2\/pages\/2642\/revisions\/2773"}],"wp:attachment":[{"href":"https:\/\/portaldasaudeebeleza.com.br\/index.php\/wp-json\/wp\/v2\/media?parent=2642"}],"curies":[{"name":"wp","href":"https:\/\/api.w.org\/{rel}","templated":true}]}}