{"id":2487,"date":"2024-02-01T08:06:34","date_gmt":"2024-02-01T11:06:34","guid":{"rendered":"https:\/\/portaldasaudeebeleza.com.br\/?page_id=2487"},"modified":"2024-02-01T11:37:41","modified_gmt":"2024-02-01T14:37:41","slug":"triptofano-aminoacido","status":"publish","type":"page","link":"https:\/\/portaldasaudeebeleza.com.br\/index.php\/triptofano-aminoacido\/","title":{"rendered":"Triptofano Amino\u00e1cido"},"content":{"rendered":"\t\t<div data-elementor-type=\"wp-page\" data-elementor-id=\"2487\" class=\"elementor elementor-2487\">\n\t\t\t\t\t\t<section class=\"elementor-section elementor-top-section elementor-element elementor-element-b61e642 elementor-section-boxed elementor-section-height-default elementor-section-height-default\" data-id=\"b61e642\" data-element_type=\"section\" data-settings=\"{&quot;background_background&quot;:&quot;classic&quot;}\">\n\t\t\t\t\t\t<div class=\"elementor-container elementor-column-gap-default\">\n\t\t\t\t\t<div class=\"elementor-column elementor-col-100 elementor-top-column elementor-element elementor-element-ac86424\" data-id=\"ac86424\" data-element_type=\"column\">\n\t\t\t<div class=\"elementor-widget-wrap elementor-element-populated\">\n\t\t\t\t\t\t<div class=\"elementor-element elementor-element-6bcf229 elementor-widget elementor-widget-heading\" data-id=\"6bcf229\" data-element_type=\"widget\" data-widget_type=\"heading.default\">\n\t\t\t\t<div class=\"elementor-widget-container\">\n\t\t\t\t\t<h2 class=\"elementor-heading-title elementor-size-default\">DESBLOQUEIE O SEU MELHOR POTENCIAL COM TRIPTOFANO<\/h2>\t\t\t\t<\/div>\n\t\t\t\t<\/div>\n\t\t\t\t\t<\/div>\n\t\t<\/div>\n\t\t\t\t\t<\/div>\n\t\t<\/section>\n\t\t\t\t<section class=\"elementor-section elementor-top-section elementor-element elementor-element-0a18948 elementor-section-boxed elementor-section-height-default elementor-section-height-default\" data-id=\"0a18948\" data-element_type=\"section\" data-settings=\"{&quot;background_background&quot;:&quot;classic&quot;}\">\n\t\t\t\t\t\t<div class=\"elementor-container elementor-column-gap-default\">\n\t\t\t\t\t<div class=\"elementor-column elementor-col-100 elementor-top-column elementor-element elementor-element-0fac646\" data-id=\"0fac646\" data-element_type=\"column\">\n\t\t\t<div class=\"elementor-widget-wrap elementor-element-populated\">\n\t\t\t\t\t\t<div class=\"elementor-element elementor-element-cc84ef4 elementor-align-center animated-slow elementor-invisible elementor-widget elementor-widget-button\" data-id=\"cc84ef4\" data-element_type=\"widget\" data-settings=\"{&quot;_animation&quot;:&quot;fadeInDown&quot;}\" data-widget_type=\"button.default\">\n\t\t\t\t<div class=\"elementor-widget-container\">\n\t\t\t\t\t\t\t\t\t<div class=\"elementor-button-wrapper\">\n\t\t\t\t\t<a class=\"elementor-button elementor-button-link elementor-size-sm elementor-animation-pulse\" href=\"https:\/\/ev.braip.com\/ref?pv=pro3owx7&#038;af=afi65dgd8p\">\n\t\t\t\t\t\t<span class=\"elementor-button-content-wrapper\">\n\t\t\t\t\t\t\t\t\t<span class=\"elementor-button-text\">DESEJO AGORA  UMA VIDA MAIS SAUD\u00c1VEL...<\/span>\n\t\t\t\t\t<\/span>\n\t\t\t\t\t<\/a>\n\t\t\t\t<\/div>\n\t\t\t\t\t\t\t\t<\/div>\n\t\t\t\t<\/div>\n\t\t\t\t\t<\/div>\n\t\t<\/div>\n\t\t\t\t\t<\/div>\n\t\t<\/section>\n\t\t\t\t<section class=\"elementor-section elementor-top-section elementor-element elementor-element-15fcd07 elementor-section-boxed elementor-section-height-default elementor-section-height-default\" data-id=\"15fcd07\" data-element_type=\"section\">\n\t\t\t\t\t\t<div class=\"elementor-container elementor-column-gap-default\">\n\t\t\t\t\t<div class=\"elementor-column elementor-col-100 elementor-top-column elementor-element elementor-element-4431f51\" data-id=\"4431f51\" data-element_type=\"column\">\n\t\t\t<div class=\"elementor-widget-wrap elementor-element-populated\">\n\t\t\t\t\t\t<div class=\"elementor-element elementor-element-4b3183d elementor-widget elementor-widget-image\" data-id=\"4b3183d\" data-element_type=\"widget\" data-widget_type=\"image.default\">\n\t\t\t\t<div class=\"elementor-widget-container\">\n\t\t\t\t\t\t\t\t\t\t\t\t\t\t\t<img fetchpriority=\"high\" decoding=\"async\" width=\"1024\" height=\"576\" src=\"https:\/\/portaldasaudeebeleza.com.br\/wp-content\/uploads\/2024\/02\/XC.001-1024x576.jpeg\" class=\"attachment-large size-large wp-image-2544\" alt=\"\" srcset=\"https:\/\/portaldasaudeebeleza.com.br\/wp-content\/uploads\/2024\/02\/XC.001-1024x576.jpeg 1024w, https:\/\/portaldasaudeebeleza.com.br\/wp-content\/uploads\/2024\/02\/XC.001-300x169.jpeg 300w, https:\/\/portaldasaudeebeleza.com.br\/wp-content\/uploads\/2024\/02\/XC.001-768x432.jpeg 768w, https:\/\/portaldasaudeebeleza.com.br\/wp-content\/uploads\/2024\/02\/XC.001-1536x864.jpeg 1536w, https:\/\/portaldasaudeebeleza.com.br\/wp-content\/uploads\/2024\/02\/XC.001.jpeg 1920w\" sizes=\"(max-width: 1024px) 100vw, 1024px\" \/>\t\t\t\t\t\t\t\t\t\t\t\t\t\t\t<\/div>\n\t\t\t\t<\/div>\n\t\t\t\t\t<\/div>\n\t\t<\/div>\n\t\t\t\t\t<\/div>\n\t\t<\/section>\n\t\t\t\t<section class=\"elementor-section elementor-top-section elementor-element elementor-element-723c6db elementor-section-boxed elementor-section-height-default elementor-section-height-default\" data-id=\"723c6db\" data-element_type=\"section\" data-settings=\"{&quot;background_background&quot;:&quot;classic&quot;}\">\n\t\t\t\t\t\t<div class=\"elementor-container elementor-column-gap-default\">\n\t\t\t\t\t<div class=\"elementor-column elementor-col-100 elementor-top-column elementor-element elementor-element-14c7411\" data-id=\"14c7411\" data-element_type=\"column\">\n\t\t\t<div class=\"elementor-widget-wrap elementor-element-populated\">\n\t\t\t\t\t\t<div class=\"elementor-element elementor-element-f8f7c97 elementor-widget elementor-widget-image\" data-id=\"f8f7c97\" data-element_type=\"widget\" data-widget_type=\"image.default\">\n\t\t\t\t<div class=\"elementor-widget-container\">\n\t\t\t\t\t\t\t\t\t\t\t\t\t\t\t<img decoding=\"async\" width=\"1024\" height=\"576\" src=\"https:\/\/portaldasaudeebeleza.com.br\/wp-content\/uploads\/2024\/01\/Capa.001-1024x576.jpeg\" class=\"attachment-large size-large wp-image-2205\" alt=\"\" srcset=\"https:\/\/portaldasaudeebeleza.com.br\/wp-content\/uploads\/2024\/01\/Capa.001-1024x576.jpeg 1024w, https:\/\/portaldasaudeebeleza.com.br\/wp-content\/uploads\/2024\/01\/Capa.001-300x169.jpeg 300w, https:\/\/portaldasaudeebeleza.com.br\/wp-content\/uploads\/2024\/01\/Capa.001-768x432.jpeg 768w, https:\/\/portaldasaudeebeleza.com.br\/wp-content\/uploads\/2024\/01\/Capa.001-1536x864.jpeg 1536w, https:\/\/portaldasaudeebeleza.com.br\/wp-content\/uploads\/2024\/01\/Capa.001.jpeg 1920w\" sizes=\"(max-width: 1024px) 100vw, 1024px\" \/>\t\t\t\t\t\t\t\t\t\t\t\t\t\t\t<\/div>\n\t\t\t\t<\/div>\n\t\t\t\t\t<\/div>\n\t\t<\/div>\n\t\t\t\t\t<\/div>\n\t\t<\/section>\n\t\t\t\t<section class=\"elementor-section elementor-top-section elementor-element elementor-element-6e4270c elementor-section-boxed elementor-section-height-default elementor-section-height-default\" data-id=\"6e4270c\" data-element_type=\"section\">\n\t\t\t\t\t\t<div class=\"elementor-container elementor-column-gap-default\">\n\t\t\t\t\t<div class=\"elementor-column elementor-col-100 elementor-top-column elementor-element elementor-element-ecd92d0\" data-id=\"ecd92d0\" data-element_type=\"column\">\n\t\t\t<div class=\"elementor-widget-wrap elementor-element-populated\">\n\t\t\t\t\t\t<div class=\"elementor-element elementor-element-1ff084e elementor-align-center animated-slow elementor-invisible elementor-widget elementor-widget-button\" data-id=\"1ff084e\" data-element_type=\"widget\" data-settings=\"{&quot;_animation&quot;:&quot;fadeInDown&quot;}\" data-widget_type=\"button.default\">\n\t\t\t\t<div class=\"elementor-widget-container\">\n\t\t\t\t\t\t\t\t\t<div class=\"elementor-button-wrapper\">\n\t\t\t\t\t<a class=\"elementor-button elementor-button-link elementor-size-sm elementor-animation-pulse\" href=\"https:\/\/ev.braip.com\/ref?pv=pro3owx7&#038;af=afi65dgd8p\">\n\t\t\t\t\t\t<span class=\"elementor-button-content-wrapper\">\n\t\t\t\t\t\t\t\t\t<span class=\"elementor-button-text\">CONHE\u00c7A OS BENEF\u00cdCIOS DO TRIPTOFANO...<\/span>\n\t\t\t\t\t<\/span>\n\t\t\t\t\t<\/a>\n\t\t\t\t<\/div>\n\t\t\t\t\t\t\t\t<\/div>\n\t\t\t\t<\/div>\n\t\t\t\t\t<\/div>\n\t\t<\/div>\n\t\t\t\t\t<\/div>\n\t\t<\/section>\n\t\t\t\t<section class=\"elementor-section elementor-top-section elementor-element elementor-element-a472650 elementor-section-boxed elementor-section-height-default elementor-section-height-default\" data-id=\"a472650\" data-element_type=\"section\">\n\t\t\t\t\t\t<div class=\"elementor-container elementor-column-gap-default\">\n\t\t\t\t\t<div class=\"elementor-column elementor-col-100 elementor-top-column elementor-element elementor-element-f8b5499\" data-id=\"f8b5499\" data-element_type=\"column\">\n\t\t\t<div class=\"elementor-widget-wrap elementor-element-populated\">\n\t\t\t\t\t\t<div class=\"elementor-element elementor-element-dac0f2e elementor-widget elementor-widget-image\" data-id=\"dac0f2e\" data-element_type=\"widget\" data-widget_type=\"image.default\">\n\t\t\t\t<div class=\"elementor-widget-container\">\n\t\t\t\t\t\t\t\t\t\t\t\t\t\t\t<img decoding=\"async\" width=\"864\" height=\"110\" src=\"https:\/\/portaldasaudeebeleza.com.br\/wp-content\/uploads\/2024\/01\/Captura-de-Tela-2024-01-31-as-21.28.24.png\" class=\"attachment-large size-large wp-image-2444\" alt=\"\" srcset=\"https:\/\/portaldasaudeebeleza.com.br\/wp-content\/uploads\/2024\/01\/Captura-de-Tela-2024-01-31-as-21.28.24.png 864w, https:\/\/portaldasaudeebeleza.com.br\/wp-content\/uploads\/2024\/01\/Captura-de-Tela-2024-01-31-as-21.28.24-300x38.png 300w, https:\/\/portaldasaudeebeleza.com.br\/wp-content\/uploads\/2024\/01\/Captura-de-Tela-2024-01-31-as-21.28.24-768x98.png 768w\" sizes=\"(max-width: 864px) 100vw, 864px\" \/>\t\t\t\t\t\t\t\t\t\t\t\t\t\t\t<\/div>\n\t\t\t\t<\/div>\n\t\t\t\t\t<\/div>\n\t\t<\/div>\n\t\t\t\t\t<\/div>\n\t\t<\/section>\n\t\t\t\t<section class=\"elementor-section elementor-top-section elementor-element elementor-element-98a5967 elementor-section-boxed elementor-section-height-default elementor-section-height-default\" data-id=\"98a5967\" data-element_type=\"section\" data-settings=\"{&quot;background_background&quot;:&quot;classic&quot;}\">\n\t\t\t\t\t\t<div class=\"elementor-container elementor-column-gap-default\">\n\t\t\t\t\t<div class=\"elementor-column elementor-col-100 elementor-top-column elementor-element elementor-element-dd5b1d7\" data-id=\"dd5b1d7\" data-element_type=\"column\">\n\t\t\t<div class=\"elementor-widget-wrap elementor-element-populated\">\n\t\t\t\t\t\t<div class=\"elementor-element elementor-element-89c1730 elementor-widget elementor-widget-image\" data-id=\"89c1730\" data-element_type=\"widget\" data-widget_type=\"image.default\">\n\t\t\t\t<div class=\"elementor-widget-container\">\n\t\t\t\t\t\t\t\t\t\t\t\t\t\t\t<img loading=\"lazy\" decoding=\"async\" width=\"1024\" height=\"576\" src=\"https:\/\/portaldasaudeebeleza.com.br\/wp-content\/uploads\/2024\/02\/CLI.001-1024x576.jpeg\" class=\"attachment-large size-large wp-image-2578\" alt=\"\" srcset=\"https:\/\/portaldasaudeebeleza.com.br\/wp-content\/uploads\/2024\/02\/CLI.001-1024x576.jpeg 1024w, https:\/\/portaldasaudeebeleza.com.br\/wp-content\/uploads\/2024\/02\/CLI.001-300x169.jpeg 300w, https:\/\/portaldasaudeebeleza.com.br\/wp-content\/uploads\/2024\/02\/CLI.001-768x432.jpeg 768w, https:\/\/portaldasaudeebeleza.com.br\/wp-content\/uploads\/2024\/02\/CLI.001-1536x864.jpeg 1536w, https:\/\/portaldasaudeebeleza.com.br\/wp-content\/uploads\/2024\/02\/CLI.001.jpeg 1920w\" sizes=\"(max-width: 1024px) 100vw, 1024px\" \/>\t\t\t\t\t\t\t\t\t\t\t\t\t\t\t<\/div>\n\t\t\t\t<\/div>\n\t\t\t\t\t<\/div>\n\t\t<\/div>\n\t\t\t\t\t<\/div>\n\t\t<\/section>\n\t\t\t\t<section class=\"elementor-section elementor-top-section elementor-element elementor-element-e3fed08 elementor-section-boxed elementor-section-height-default elementor-section-height-default\" data-id=\"e3fed08\" data-element_type=\"section\">\n\t\t\t\t\t\t<div class=\"elementor-container elementor-column-gap-default\">\n\t\t\t\t\t<div class=\"elementor-column elementor-col-100 elementor-top-column elementor-element elementor-element-8f819b8\" data-id=\"8f819b8\" data-element_type=\"column\">\n\t\t\t<div class=\"elementor-widget-wrap elementor-element-populated\">\n\t\t\t\t\t\t<div class=\"elementor-element elementor-element-57483da elementor-align-center animated-slow elementor-invisible elementor-widget elementor-widget-button\" data-id=\"57483da\" data-element_type=\"widget\" data-settings=\"{&quot;_animation&quot;:&quot;fadeInDown&quot;}\" data-widget_type=\"button.default\">\n\t\t\t\t<div class=\"elementor-widget-container\">\n\t\t\t\t\t\t\t\t\t<div class=\"elementor-button-wrapper\">\n\t\t\t\t\t<a class=\"elementor-button elementor-button-link elementor-size-sm elementor-animation-pulse\" href=\"https:\/\/ev.braip.com\/ref?pv=pro3owx7&#038;af=afi65dgd8p\">\n\t\t\t\t\t\t<span class=\"elementor-button-content-wrapper\">\n\t\t\t\t\t\t\t\t\t<span class=\"elementor-button-text\">COMPROVE OUTROS RESULTADOS REAIS...<\/span>\n\t\t\t\t\t<\/span>\n\t\t\t\t\t<\/a>\n\t\t\t\t<\/div>\n\t\t\t\t\t\t\t\t<\/div>\n\t\t\t\t<\/div>\n\t\t\t\t\t<\/div>\n\t\t<\/div>\n\t\t\t\t\t<\/div>\n\t\t<\/section>\n\t\t\t\t<section class=\"elementor-section elementor-top-section elementor-element elementor-element-1ee7c16 elementor-section-boxed elementor-section-height-default elementor-section-height-default\" data-id=\"1ee7c16\" data-element_type=\"section\" data-settings=\"{&quot;background_background&quot;:&quot;classic&quot;}\">\n\t\t\t\t\t\t<div class=\"elementor-container elementor-column-gap-default\">\n\t\t\t\t\t<div class=\"elementor-column elementor-col-100 elementor-top-column elementor-element elementor-element-ce3cfe5\" data-id=\"ce3cfe5\" data-element_type=\"column\">\n\t\t\t<div class=\"elementor-widget-wrap elementor-element-populated\">\n\t\t\t\t\t\t<div class=\"elementor-element elementor-element-18e451f elementor-widget elementor-widget-image\" data-id=\"18e451f\" data-element_type=\"widget\" data-widget_type=\"image.default\">\n\t\t\t\t<div class=\"elementor-widget-container\">\n\t\t\t\t\t\t\t\t\t\t\t\t\t\t\t<img loading=\"lazy\" decoding=\"async\" width=\"1024\" height=\"576\" src=\"https:\/\/portaldasaudeebeleza.com.br\/wp-content\/uploads\/2024\/02\/GAR2.001-1024x576.jpeg\" class=\"attachment-large size-large wp-image-2550\" alt=\"\" srcset=\"https:\/\/portaldasaudeebeleza.com.br\/wp-content\/uploads\/2024\/02\/GAR2.001-1024x576.jpeg 1024w, https:\/\/portaldasaudeebeleza.com.br\/wp-content\/uploads\/2024\/02\/GAR2.001-300x169.jpeg 300w, https:\/\/portaldasaudeebeleza.com.br\/wp-content\/uploads\/2024\/02\/GAR2.001-768x432.jpeg 768w, https:\/\/portaldasaudeebeleza.com.br\/wp-content\/uploads\/2024\/02\/GAR2.001-1536x864.jpeg 1536w, https:\/\/portaldasaudeebeleza.com.br\/wp-content\/uploads\/2024\/02\/GAR2.001.jpeg 1920w\" sizes=\"(max-width: 1024px) 100vw, 1024px\" \/>\t\t\t\t\t\t\t\t\t\t\t\t\t\t\t<\/div>\n\t\t\t\t<\/div>\n\t\t\t\t\t<\/div>\n\t\t<\/div>\n\t\t\t\t\t<\/div>\n\t\t<\/section>\n\t\t\t\t<section class=\"elementor-section elementor-top-section elementor-element elementor-element-8fd656c elementor-section-boxed elementor-section-height-default elementor-section-height-default\" data-id=\"8fd656c\" data-element_type=\"section\">\n\t\t\t\t\t\t<div class=\"elementor-container elementor-column-gap-default\">\n\t\t\t\t\t<div class=\"elementor-column elementor-col-100 elementor-top-column elementor-element elementor-element-8a814ba\" data-id=\"8a814ba\" data-element_type=\"column\">\n\t\t\t<div class=\"elementor-widget-wrap elementor-element-populated\">\n\t\t\t\t\t\t<div class=\"elementor-element elementor-element-a5c99f3 elementor-widget elementor-widget-image\" data-id=\"a5c99f3\" data-element_type=\"widget\" data-widget_type=\"image.default\">\n\t\t\t\t<div class=\"elementor-widget-container\">\n\t\t\t\t\t\t\t\t\t\t\t\t\t\t\t<img decoding=\"async\" width=\"864\" height=\"110\" src=\"https:\/\/portaldasaudeebeleza.com.br\/wp-content\/uploads\/2024\/01\/Captura-de-Tela-2024-01-31-as-21.28.24.png\" class=\"attachment-large size-large wp-image-2444\" alt=\"\" srcset=\"https:\/\/portaldasaudeebeleza.com.br\/wp-content\/uploads\/2024\/01\/Captura-de-Tela-2024-01-31-as-21.28.24.png 864w, https:\/\/portaldasaudeebeleza.com.br\/wp-content\/uploads\/2024\/01\/Captura-de-Tela-2024-01-31-as-21.28.24-300x38.png 300w, https:\/\/portaldasaudeebeleza.com.br\/wp-content\/uploads\/2024\/01\/Captura-de-Tela-2024-01-31-as-21.28.24-768x98.png 768w\" sizes=\"(max-width: 864px) 100vw, 864px\" \/>\t\t\t\t\t\t\t\t\t\t\t\t\t\t\t<\/div>\n\t\t\t\t<\/div>\n\t\t\t\t\t<\/div>\n\t\t<\/div>\n\t\t\t\t\t<\/div>\n\t\t<\/section>\n\t\t\t\t<section class=\"elementor-section elementor-top-section elementor-element elementor-element-30b0a7a elementor-section-boxed elementor-section-height-default elementor-section-height-default\" data-id=\"30b0a7a\" data-element_type=\"section\" data-settings=\"{&quot;background_background&quot;:&quot;classic&quot;}\">\n\t\t\t\t\t\t<div class=\"elementor-container elementor-column-gap-default\">\n\t\t\t\t\t<div class=\"elementor-column elementor-col-100 elementor-top-column elementor-element elementor-element-ebfd0b9\" data-id=\"ebfd0b9\" data-element_type=\"column\">\n\t\t\t<div class=\"elementor-widget-wrap elementor-element-populated\">\n\t\t\t\t\t\t<div class=\"elementor-element elementor-element-91f357c elementor-widget elementor-widget-image\" data-id=\"91f357c\" data-element_type=\"widget\" data-widget_type=\"image.default\">\n\t\t\t\t<div class=\"elementor-widget-container\">\n\t\t\t\t\t\t\t\t\t\t\t\t\t\t\t\t<a href=\"https:\/\/ev.braip.com\/ref?pv=pro3owx7&#038;af=afi65dgd8p\">\n\t\t\t\t\t\t\t<img loading=\"lazy\" decoding=\"async\" width=\"1024\" height=\"576\" src=\"https:\/\/portaldasaudeebeleza.com.br\/wp-content\/uploads\/2024\/02\/AS.001-1024x576.jpeg\" class=\"attachment-large size-large wp-image-2533\" alt=\"\" srcset=\"https:\/\/portaldasaudeebeleza.com.br\/wp-content\/uploads\/2024\/02\/AS.001-1024x576.jpeg 1024w, https:\/\/portaldasaudeebeleza.com.br\/wp-content\/uploads\/2024\/02\/AS.001-300x169.jpeg 300w, https:\/\/portaldasaudeebeleza.com.br\/wp-content\/uploads\/2024\/02\/AS.001-768x432.jpeg 768w, https:\/\/portaldasaudeebeleza.com.br\/wp-content\/uploads\/2024\/02\/AS.001-1536x864.jpeg 1536w, https:\/\/portaldasaudeebeleza.com.br\/wp-content\/uploads\/2024\/02\/AS.001.jpeg 1920w\" sizes=\"(max-width: 1024px) 100vw, 1024px\" \/>\t\t\t\t\t\t\t\t<\/a>\n\t\t\t\t\t\t\t\t\t\t\t\t\t\t\t<\/div>\n\t\t\t\t<\/div>\n\t\t\t\t\t<\/div>\n\t\t<\/div>\n\t\t\t\t\t<\/div>\n\t\t<\/section>\n\t\t\t\t<section class=\"elementor-section elementor-top-section elementor-element elementor-element-f818bd1 elementor-section-boxed elementor-section-height-default elementor-section-height-default\" data-id=\"f818bd1\" data-element_type=\"section\" data-settings=\"{&quot;background_background&quot;:&quot;classic&quot;}\">\n\t\t\t\t\t\t<div class=\"elementor-container elementor-column-gap-default\">\n\t\t\t\t\t<div class=\"elementor-column elementor-col-100 elementor-top-column elementor-element elementor-element-b6a242a\" data-id=\"b6a242a\" data-element_type=\"column\">\n\t\t\t<div class=\"elementor-widget-wrap elementor-element-populated\">\n\t\t\t\t\t\t<div class=\"elementor-element elementor-element-97be550 elementor-widget elementor-widget-image\" data-id=\"97be550\" data-element_type=\"widget\" data-widget_type=\"image.default\">\n\t\t\t\t<div class=\"elementor-widget-container\">\n\t\t\t\t\t\t\t\t\t\t\t\t\t\t\t<img loading=\"lazy\" decoding=\"async\" width=\"1024\" height=\"321\" src=\"https:\/\/portaldasaudeebeleza.com.br\/wp-content\/uploads\/2024\/02\/Captura-de-Tela-2024-02-01-as-10.42.25-1024x321.png\" class=\"attachment-large size-large wp-image-2554\" alt=\"\" srcset=\"https:\/\/portaldasaudeebeleza.com.br\/wp-content\/uploads\/2024\/02\/Captura-de-Tela-2024-02-01-as-10.42.25-1024x321.png 1024w, https:\/\/portaldasaudeebeleza.com.br\/wp-content\/uploads\/2024\/02\/Captura-de-Tela-2024-02-01-as-10.42.25-300x94.png 300w, https:\/\/portaldasaudeebeleza.com.br\/wp-content\/uploads\/2024\/02\/Captura-de-Tela-2024-02-01-as-10.42.25-768x241.png 768w, https:\/\/portaldasaudeebeleza.com.br\/wp-content\/uploads\/2024\/02\/Captura-de-Tela-2024-02-01-as-10.42.25-1536x482.png 1536w, https:\/\/portaldasaudeebeleza.com.br\/wp-content\/uploads\/2024\/02\/Captura-de-Tela-2024-02-01-as-10.42.25-2048x642.png 2048w\" sizes=\"(max-width: 1024px) 100vw, 1024px\" \/>\t\t\t\t\t\t\t\t\t\t\t\t\t\t\t<\/div>\n\t\t\t\t<\/div>\n\t\t\t\t\t<\/div>\n\t\t<\/div>\n\t\t\t\t\t<\/div>\n\t\t<\/section>\n\t\t\t\t<section class=\"elementor-section elementor-top-section elementor-element elementor-element-39bab7a elementor-section-boxed elementor-section-height-default elementor-section-height-default\" data-id=\"39bab7a\" data-element_type=\"section\">\n\t\t\t\t\t\t<div class=\"elementor-container elementor-column-gap-default\">\n\t\t\t\t\t<div class=\"elementor-column elementor-col-100 elementor-top-column elementor-element elementor-element-38fe556\" data-id=\"38fe556\" data-element_type=\"column\">\n\t\t\t<div class=\"elementor-widget-wrap elementor-element-populated\">\n\t\t\t\t\t\t<div class=\"elementor-element elementor-element-adf9d34 elementor-widget elementor-widget-heading\" data-id=\"adf9d34\" data-element_type=\"widget\" data-widget_type=\"heading.default\">\n\t\t\t\t<div class=\"elementor-widget-container\">\n\t\t\t\t\t<h2 class=\"elementor-heading-title elementor-size-default\">Este site participa de programas de Afiliados, o que significa que podemos receber comiss\u00e3o pelas compras realizadas via links de afiliados. \nA comiss\u00e3o n\u00e3o tem custo adicional para voc\u00ea e nos ajuda a manter este site em funcionamento. Apenas recomendamos produtos ou servi\u00e7os em que confiamos e que consideramos  \u00fateis para os usu\u00e1rios. \u200b<\/h2>\t\t\t\t<\/div>\n\t\t\t\t<\/div>\n\t\t\t\t\t<\/div>\n\t\t<\/div>\n\t\t\t\t\t<\/div>\n\t\t<\/section>\n\t\t\t\t<\/div>\n\t\t","protected":false},"excerpt":{"rendered":"<p>DESBLOQUEIE O SEU MELHOR POTENCIAL COM TRIPTOFANO DESEJO AGORA UMA VIDA MAIS SAUD\u00c1VEL&#8230; CONHE\u00c7A OS BENEF\u00cdCIOS DO TRIPTOFANO&#8230; COMPROVE OUTROS RESULTADOS REAIS&#8230; Este site participa de programas de Afiliados, o que significa que podemos receber comiss\u00e3o pelas compras realizadas via links de afiliados. A comiss\u00e3o n\u00e3o tem custo adicional para voc\u00ea e nos ajuda a [&hellip;]<\/p>\n","protected":false},"author":1,"featured_media":0,"parent":0,"menu_order":0,"comment_status":"closed","ping_status":"closed","template":"","meta":{"site-sidebar-layout":"no-sidebar","site-content-layout":"page-builder","ast-site-content-layout":"full-width-container","site-content-style":"default","site-sidebar-style":"default","ast-global-header-display":"disabled","ast-banner-title-visibility":"disabled","ast-main-header-display":"","ast-hfb-above-header-display":"","ast-hfb-below-header-display":"","ast-hfb-mobile-header-display":"","site-post-title":"disabled","ast-breadcrumbs-content":"","ast-featured-img":"disabled","footer-sml-layout":"disabled","theme-transparent-header-meta":"","adv-header-id-meta":"","stick-header-meta":"","header-above-stick-meta":"","header-main-stick-meta":"","header-below-stick-meta":"","astra-migrate-meta-layouts":"set","ast-page-background-enabled":"default","ast-page-background-meta":{"desktop":{"background-color":"var(--ast-global-color-4)","background-image":"","background-repeat":"repeat","background-position":"center center","background-size":"auto","background-attachment":"scroll","background-type":"","background-media":"","overlay-type":"","overlay-color":"","overlay-gradient":""},"tablet":{"background-color":"","background-image":"","background-repeat":"repeat","background-position":"center center","background-size":"auto","background-attachment":"scroll","background-type":"","background-media":"","overlay-type":"","overlay-color":"","overlay-gradient":""},"mobile":{"background-color":"","background-image":"","background-repeat":"repeat","background-position":"center center","background-size":"auto","background-attachment":"scroll","background-type":"","background-media":"","overlay-type":"","overlay-color":"","overlay-gradient":""}},"ast-content-background-meta":{"desktop":{"background-color":"var(--ast-global-color-5)","background-image":"","background-repeat":"repeat","background-position":"center center","background-size":"auto","background-attachment":"scroll","background-type":"","background-media":"","overlay-type":"","overlay-color":"","overlay-gradient":""},"tablet":{"background-color":"var(--ast-global-color-5)","background-image":"","background-repeat":"repeat","background-position":"center center","background-size":"auto","background-attachment":"scroll","background-type":"","background-media":"","overlay-type":"","overlay-color":"","overlay-gradient":""},"mobile":{"background-color":"var(--ast-global-color-5)","background-image":"","background-repeat":"repeat","background-position":"center center","background-size":"auto","background-attachment":"scroll","background-type":"","background-media":"","overlay-type":"","overlay-color":"","overlay-gradient":""}},"footnotes":""},"_links":{"self":[{"href":"https:\/\/portaldasaudeebeleza.com.br\/index.php\/wp-json\/wp\/v2\/pages\/2487"}],"collection":[{"href":"https:\/\/portaldasaudeebeleza.com.br\/index.php\/wp-json\/wp\/v2\/pages"}],"about":[{"href":"https:\/\/portaldasaudeebeleza.com.br\/index.php\/wp-json\/wp\/v2\/types\/page"}],"author":[{"embeddable":true,"href":"https:\/\/portaldasaudeebeleza.com.br\/index.php\/wp-json\/wp\/v2\/users\/1"}],"replies":[{"embeddable":true,"href":"https:\/\/portaldasaudeebeleza.com.br\/index.php\/wp-json\/wp\/v2\/comments?post=2487"}],"version-history":[{"count":73,"href":"https:\/\/portaldasaudeebeleza.com.br\/index.php\/wp-json\/wp\/v2\/pages\/2487\/revisions"}],"predecessor-version":[{"id":2593,"href":"https:\/\/portaldasaudeebeleza.com.br\/index.php\/wp-json\/wp\/v2\/pages\/2487\/revisions\/2593"}],"wp:attachment":[{"href":"https:\/\/portaldasaudeebeleza.com.br\/index.php\/wp-json\/wp\/v2\/media?parent=2487"}],"curies":[{"name":"wp","href":"https:\/\/api.w.org\/{rel}","templated":true}]}}