{"id":1527,"date":"2023-11-21T23:33:23","date_gmt":"2023-11-22T02:33:23","guid":{"rendered":"https:\/\/portaldasaudeebeleza.com.br\/?page_id=1527"},"modified":"2023-12-13T09:26:22","modified_gmt":"2023-12-13T12:26:22","slug":"cmp-face-magic","status":"publish","type":"page","link":"https:\/\/portaldasaudeebeleza.com.br\/index.php\/cmp-face-magic\/","title":{"rendered":"CMP Face Magic"},"content":{"rendered":"\t\t<div data-elementor-type=\"wp-page\" data-elementor-id=\"1527\" class=\"elementor elementor-1527\">\n\t\t\t\t\t\t<section class=\"elementor-section elementor-top-section elementor-element elementor-element-adc5ef3 elementor-section-boxed elementor-section-height-default elementor-section-height-default\" data-id=\"adc5ef3\" data-element_type=\"section\" data-settings=\"{&quot;background_background&quot;:&quot;classic&quot;}\">\n\t\t\t\t\t\t<div class=\"elementor-container elementor-column-gap-default\">\n\t\t\t\t\t<div class=\"elementor-column elementor-col-100 elementor-top-column elementor-element elementor-element-e1540cb\" data-id=\"e1540cb\" data-element_type=\"column\">\n\t\t\t<div class=\"elementor-widget-wrap elementor-element-populated\">\n\t\t\t\t\t\t<div class=\"elementor-element elementor-element-0e17f2c elementor-widget elementor-widget-heading\" data-id=\"0e17f2c\" data-element_type=\"widget\" data-widget_type=\"heading.default\">\n\t\t\t\t<div class=\"elementor-widget-container\">\n\t\t\t\t\t<h2 class=\"elementor-heading-title elementor-size-default\">Renove a beleza da sua pele e recupere sua autoestima<\/h2>\t\t\t\t<\/div>\n\t\t\t\t<\/div>\n\t\t\t\t\t<\/div>\n\t\t<\/div>\n\t\t\t\t\t<\/div>\n\t\t<\/section>\n\t\t\t\t<section class=\"elementor-section elementor-top-section elementor-element elementor-element-d7a98d3 elementor-section-boxed elementor-section-height-default elementor-section-height-default\" data-id=\"d7a98d3\" data-element_type=\"section\" data-settings=\"{&quot;background_background&quot;:&quot;classic&quot;}\">\n\t\t\t\t\t\t<div class=\"elementor-container elementor-column-gap-default\">\n\t\t\t\t\t<div class=\"elementor-column elementor-col-100 elementor-top-column elementor-element elementor-element-b11c522\" data-id=\"b11c522\" data-element_type=\"column\">\n\t\t\t<div class=\"elementor-widget-wrap elementor-element-populated\">\n\t\t\t\t\t\t<div class=\"elementor-element elementor-element-5f1e147 elementor-widget elementor-widget-heading\" data-id=\"5f1e147\" data-element_type=\"widget\" data-widget_type=\"heading.default\">\n\t\t\t\t<div class=\"elementor-widget-container\">\n\t\t\t\t\t<h2 class=\"elementor-heading-title elementor-size-default\">(<i>Condi\u00e7\u00f5es especiais por tempo limitado<\/i>)<\/h2>\t\t\t\t<\/div>\n\t\t\t\t<\/div>\n\t\t\t\t\t<\/div>\n\t\t<\/div>\n\t\t\t\t\t<\/div>\n\t\t<\/section>\n\t\t\t\t<section class=\"elementor-section elementor-top-section elementor-element elementor-element-a3b80dd elementor-section-boxed elementor-section-height-default elementor-section-height-default\" data-id=\"a3b80dd\" data-element_type=\"section\">\n\t\t\t\t\t\t<div class=\"elementor-container elementor-column-gap-default\">\n\t\t\t\t\t<div class=\"elementor-column elementor-col-50 elementor-top-column elementor-element elementor-element-bc206d0\" data-id=\"bc206d0\" data-element_type=\"column\">\n\t\t\t<div class=\"elementor-widget-wrap elementor-element-populated\">\n\t\t\t\t\t\t<div class=\"elementor-element elementor-element-e178ee1 elementor-widget elementor-widget-heading\" data-id=\"e178ee1\" data-element_type=\"widget\" data-widget_type=\"heading.default\">\n\t\t\t\t<div class=\"elementor-widget-container\">\n\t\t\t\t\t<h2 class=\"elementor-heading-title elementor-size-default\">Conhe\u00e7a o <b><i>Face Magic<\/i><\/b><\/h2>\t\t\t\t<\/div>\n\t\t\t\t<\/div>\n\t\t\t\t<div class=\"elementor-element elementor-element-7a5d9a9 elementor-widget elementor-widget-image\" data-id=\"7a5d9a9\" data-element_type=\"widget\" data-widget_type=\"image.default\">\n\t\t\t\t<div class=\"elementor-widget-container\">\n\t\t\t\t\t\t\t\t\t\t\t\t\t\t\t<img fetchpriority=\"high\" decoding=\"async\" width=\"1024\" height=\"576\" src=\"https:\/\/portaldasaudeebeleza.com.br\/wp-content\/uploads\/2023\/11\/w.001-1024x576.jpeg\" class=\"attachment-large size-large wp-image-1546\" alt=\"\" srcset=\"https:\/\/portaldasaudeebeleza.com.br\/wp-content\/uploads\/2023\/11\/w.001-1024x576.jpeg 1024w, https:\/\/portaldasaudeebeleza.com.br\/wp-content\/uploads\/2023\/11\/w.001-300x169.jpeg 300w, https:\/\/portaldasaudeebeleza.com.br\/wp-content\/uploads\/2023\/11\/w.001-768x432.jpeg 768w, https:\/\/portaldasaudeebeleza.com.br\/wp-content\/uploads\/2023\/11\/w.001-1536x864.jpeg 1536w, https:\/\/portaldasaudeebeleza.com.br\/wp-content\/uploads\/2023\/11\/w.001.jpeg 1920w\" sizes=\"(max-width: 1024px) 100vw, 1024px\" \/>\t\t\t\t\t\t\t\t\t\t\t\t\t\t\t<\/div>\n\t\t\t\t<\/div>\n\t\t\t\t\t<\/div>\n\t\t<\/div>\n\t\t\t\t<div class=\"elementor-column elementor-col-50 elementor-top-column elementor-element elementor-element-3a71ecc\" data-id=\"3a71ecc\" data-element_type=\"column\">\n\t\t\t<div class=\"elementor-widget-wrap elementor-element-populated\">\n\t\t\t\t\t\t<div class=\"elementor-element elementor-element-acda15f elementor-widget elementor-widget-heading\" data-id=\"acda15f\" data-element_type=\"widget\" data-widget_type=\"heading.default\">\n\t\t\t\t<div class=\"elementor-widget-container\">\n\t\t\t\t\t<h2 class=\"elementor-heading-title elementor-size-default\">F\u00f3rmula americana vencedora do \"<i>High Quality 2023\u00ae<\/i>\". Permite com que a folha de col\u00e1geno se dissolva, penetre e seja absorvida 100% pela pele, resultando em <i>lifting de rejuvenescimento r\u00e1pido,<\/i> antes somente poss\u00edvel em cl\u00ednicas est\u00e9ticas. <\/h2>\t\t\t\t<\/div>\n\t\t\t\t<\/div>\n\t\t\t\t\t<\/div>\n\t\t<\/div>\n\t\t\t\t\t<\/div>\n\t\t<\/section>\n\t\t\t\t<section class=\"elementor-section elementor-top-section elementor-element elementor-element-6db9d2a elementor-section-boxed elementor-section-height-default elementor-section-height-default\" data-id=\"6db9d2a\" data-element_type=\"section\" data-settings=\"{&quot;background_background&quot;:&quot;classic&quot;}\">\n\t\t\t\t\t\t<div class=\"elementor-container elementor-column-gap-default\">\n\t\t\t\t\t<div class=\"elementor-column elementor-col-100 elementor-top-column elementor-element elementor-element-bc0a038\" data-id=\"bc0a038\" data-element_type=\"column\">\n\t\t\t<div class=\"elementor-widget-wrap elementor-element-populated\">\n\t\t\t\t\t\t<div class=\"elementor-element elementor-element-4c178d0 elementor-widget elementor-widget-text-editor\" data-id=\"4c178d0\" data-element_type=\"widget\" data-widget_type=\"text-editor.default\">\n\t\t\t\t<div class=\"elementor-widget-container\">\n\t\t\t\t\t\t\t\t\t<p><strong><em><span class=\"s1\">Face Magic<\/span><\/em><span class=\"s1\"> \u00e9 o que h\u00e1 de mais moderno em <em>Skin Care<\/em> no mundo, sendo a<\/span> \u00fanica m\u00e1scara com Col\u00e1geno, \u00c1cido Hialur\u00f4nico e ativos, que \u00e9 absorvida 100% pelo organismo.<\/strong><\/p>\t\t\t\t\t\t\t\t<\/div>\n\t\t\t\t<\/div>\n\t\t\t\t\t<\/div>\n\t\t<\/div>\n\t\t\t\t\t<\/div>\n\t\t<\/section>\n\t\t\t\t<section class=\"elementor-section elementor-top-section elementor-element elementor-element-866f7e9 elementor-section-boxed elementor-section-height-default elementor-section-height-default\" data-id=\"866f7e9\" data-element_type=\"section\">\n\t\t\t\t\t\t<div class=\"elementor-container elementor-column-gap-default\">\n\t\t\t\t\t<div class=\"elementor-column elementor-col-100 elementor-top-column elementor-element elementor-element-b7669e7\" data-id=\"b7669e7\" data-element_type=\"column\">\n\t\t\t<div class=\"elementor-widget-wrap elementor-element-populated\">\n\t\t\t\t\t\t<div class=\"elementor-element elementor-element-53729e3 elementor-mobile-align-center elementor-align-center elementor-widget elementor-widget-button\" data-id=\"53729e3\" data-element_type=\"widget\" data-widget_type=\"button.default\">\n\t\t\t\t<div class=\"elementor-widget-container\">\n\t\t\t\t\t\t\t\t\t<div class=\"elementor-button-wrapper\">\n\t\t\t\t\t<a class=\"elementor-button elementor-button-link elementor-size-sm elementor-animation-wobble-horizontal\" href=\"https:\/\/ev.braip.com\/ref?pv=prodxm9x&#038;af=afi113nyv4\">\n\t\t\t\t\t\t<span class=\"elementor-button-content-wrapper\">\n\t\t\t\t\t\t\t\t\t<span class=\"elementor-button-text\">Acesso Exclusivo ao Produto...<\/span>\n\t\t\t\t\t<\/span>\n\t\t\t\t\t<\/a>\n\t\t\t\t<\/div>\n\t\t\t\t\t\t\t\t<\/div>\n\t\t\t\t<\/div>\n\t\t\t\t\t<\/div>\n\t\t<\/div>\n\t\t\t\t\t<\/div>\n\t\t<\/section>\n\t\t\t\t<section class=\"elementor-section elementor-top-section elementor-element elementor-element-3488b76 elementor-section-boxed elementor-section-height-default elementor-section-height-default\" data-id=\"3488b76\" data-element_type=\"section\" data-settings=\"{&quot;background_background&quot;:&quot;gradient&quot;}\">\n\t\t\t\t\t\t<div class=\"elementor-container elementor-column-gap-default\">\n\t\t\t\t\t<div class=\"elementor-column elementor-col-100 elementor-top-column elementor-element elementor-element-92fe723\" data-id=\"92fe723\" data-element_type=\"column\" data-settings=\"{&quot;background_background&quot;:&quot;gradient&quot;}\">\n\t\t\t<div class=\"elementor-widget-wrap elementor-element-populated\">\n\t\t\t\t\t\t<div class=\"elementor-element elementor-element-71c6a23 elementor-widget elementor-widget-heading\" data-id=\"71c6a23\" data-element_type=\"widget\" data-widget_type=\"heading.default\">\n\t\t\t\t<div class=\"elementor-widget-container\">\n\t\t\t\t\t<h2 class=\"elementor-heading-title elementor-size-default\">Diferenciais do <b><i>Face Magic<\/i><\/b><\/h2>\t\t\t\t<\/div>\n\t\t\t\t<\/div>\n\t\t\t\t<div class=\"elementor-element elementor-element-0adfe00 elementor-widget elementor-widget-heading\" data-id=\"0adfe00\" data-element_type=\"widget\" data-widget_type=\"heading.default\">\n\t\t\t\t<div class=\"elementor-widget-container\">\n\t\t\t\t\t<h2 class=\"elementor-heading-title elementor-size-default\">Resultados de alguns Clientes<\/h2>\t\t\t\t<\/div>\n\t\t\t\t<\/div>\n\t\t\t\t<div class=\"elementor-element elementor-element-f5a54b3 elementor-widget elementor-widget-image\" data-id=\"f5a54b3\" data-element_type=\"widget\" data-widget_type=\"image.default\">\n\t\t\t\t<div class=\"elementor-widget-container\">\n\t\t\t\t\t\t\t\t\t\t\t\t\t\t\t<img decoding=\"async\" width=\"666\" height=\"375\" src=\"https:\/\/portaldasaudeebeleza.com.br\/wp-content\/uploads\/2023\/11\/kkk.002-removebg-preview.png\" class=\"attachment-large size-large wp-image-1593\" alt=\"\" srcset=\"https:\/\/portaldasaudeebeleza.com.br\/wp-content\/uploads\/2023\/11\/kkk.002-removebg-preview.png 666w, https:\/\/portaldasaudeebeleza.com.br\/wp-content\/uploads\/2023\/11\/kkk.002-removebg-preview-300x169.png 300w\" sizes=\"(max-width: 666px) 100vw, 666px\" \/>\t\t\t\t\t\t\t\t\t\t\t\t\t\t\t<\/div>\n\t\t\t\t<\/div>\n\t\t\t\t\t<\/div>\n\t\t<\/div>\n\t\t\t\t\t<\/div>\n\t\t<\/section>\n\t\t\t\t<section class=\"elementor-section elementor-top-section elementor-element elementor-element-2e3b6be elementor-section-boxed elementor-section-height-default elementor-section-height-default\" data-id=\"2e3b6be\" data-element_type=\"section\" data-settings=\"{&quot;background_background&quot;:&quot;gradient&quot;}\">\n\t\t\t\t\t\t<div class=\"elementor-container elementor-column-gap-default\">\n\t\t\t\t\t<div class=\"elementor-column elementor-col-100 elementor-top-column elementor-element elementor-element-f7778f7\" data-id=\"f7778f7\" data-element_type=\"column\" data-settings=\"{&quot;background_background&quot;:&quot;gradient&quot;}\">\n\t\t\t<div class=\"elementor-widget-wrap elementor-element-populated\">\n\t\t\t\t\t\t<div class=\"elementor-element elementor-element-b1fbc33 elementor-widget elementor-widget-heading\" data-id=\"b1fbc33\" data-element_type=\"widget\" data-widget_type=\"heading.default\">\n\t\t\t\t<div class=\"elementor-widget-container\">\n\t\t\t\t\t<h2 class=\"elementor-heading-title elementor-size-default\">Benef\u00edcios<\/h2>\t\t\t\t<\/div>\n\t\t\t\t<\/div>\n\t\t\t\t\t<\/div>\n\t\t<\/div>\n\t\t\t\t\t<\/div>\n\t\t<\/section>\n\t\t\t\t<section class=\"elementor-section elementor-top-section elementor-element elementor-element-506bd89 elementor-section-boxed elementor-section-height-default elementor-section-height-default\" data-id=\"506bd89\" data-element_type=\"section\" data-settings=\"{&quot;background_background&quot;:&quot;gradient&quot;}\">\n\t\t\t\t\t\t<div class=\"elementor-container elementor-column-gap-default\">\n\t\t\t\t\t<div class=\"elementor-column elementor-col-100 elementor-top-column elementor-element elementor-element-9a468f0\" data-id=\"9a468f0\" data-element_type=\"column\" data-settings=\"{&quot;background_background&quot;:&quot;gradient&quot;}\">\n\t\t\t<div class=\"elementor-widget-wrap elementor-element-populated\">\n\t\t\t\t\t\t<div class=\"elementor-element elementor-element-5814ee4 elementor-widget elementor-widget-image\" data-id=\"5814ee4\" data-element_type=\"widget\" data-widget_type=\"image.default\">\n\t\t\t\t<div class=\"elementor-widget-container\">\n\t\t\t\t\t\t\t\t\t\t\t\t\t\t\t<img decoding=\"async\" width=\"1024\" height=\"576\" src=\"https:\/\/portaldasaudeebeleza.com.br\/wp-content\/uploads\/2023\/11\/marcas.001-1024x576.jpeg\" class=\"attachment-large size-large wp-image-1579\" alt=\"\" srcset=\"https:\/\/portaldasaudeebeleza.com.br\/wp-content\/uploads\/2023\/11\/marcas.001-1024x576.jpeg 1024w, https:\/\/portaldasaudeebeleza.com.br\/wp-content\/uploads\/2023\/11\/marcas.001-300x169.jpeg 300w, https:\/\/portaldasaudeebeleza.com.br\/wp-content\/uploads\/2023\/11\/marcas.001-768x432.jpeg 768w, https:\/\/portaldasaudeebeleza.com.br\/wp-content\/uploads\/2023\/11\/marcas.001-1536x864.jpeg 1536w, https:\/\/portaldasaudeebeleza.com.br\/wp-content\/uploads\/2023\/11\/marcas.001.jpeg 1920w\" sizes=\"(max-width: 1024px) 100vw, 1024px\" \/>\t\t\t\t\t\t\t\t\t\t\t\t\t\t\t<\/div>\n\t\t\t\t<\/div>\n\t\t\t\t<div class=\"elementor-element elementor-element-8d1e413 elementor-mobile-align-center elementor-align-center elementor-widget elementor-widget-button\" data-id=\"8d1e413\" data-element_type=\"widget\" data-widget_type=\"button.default\">\n\t\t\t\t<div class=\"elementor-widget-container\">\n\t\t\t\t\t\t\t\t\t<div class=\"elementor-button-wrapper\">\n\t\t\t\t\t<a class=\"elementor-button elementor-button-link elementor-size-sm elementor-animation-wobble-horizontal\" href=\"https:\/\/ev.braip.com\/ref?pv=prodxm9x&#038;af=afi113nyv4\">\n\t\t\t\t\t\t<span class=\"elementor-button-content-wrapper\">\n\t\t\t\t\t\t\t\t\t<span class=\"elementor-button-text\">Confira outros benef\u00edcios...<\/span>\n\t\t\t\t\t<\/span>\n\t\t\t\t\t<\/a>\n\t\t\t\t<\/div>\n\t\t\t\t\t\t\t\t<\/div>\n\t\t\t\t<\/div>\n\t\t\t\t\t<\/div>\n\t\t<\/div>\n\t\t\t\t\t<\/div>\n\t\t<\/section>\n\t\t\t\t<section class=\"elementor-section elementor-top-section elementor-element elementor-element-349c2a0 elementor-section-boxed elementor-section-height-default elementor-section-height-default\" data-id=\"349c2a0\" data-element_type=\"section\">\n\t\t\t\t\t\t<div class=\"elementor-container elementor-column-gap-default\">\n\t\t\t\t\t<div class=\"elementor-column elementor-col-100 elementor-top-column elementor-element elementor-element-75c9a2a\" data-id=\"75c9a2a\" data-element_type=\"column\" data-settings=\"{&quot;background_background&quot;:&quot;classic&quot;}\">\n\t\t\t<div class=\"elementor-widget-wrap elementor-element-populated\">\n\t\t\t\t\t\t<div class=\"elementor-element elementor-element-1a6edba elementor-widget elementor-widget-heading\" data-id=\"1a6edba\" data-element_type=\"widget\" data-widget_type=\"heading.default\">\n\t\t\t\t<div class=\"elementor-widget-container\">\n\t\t\t\t\t<h2 class=\"elementor-heading-title elementor-size-default\">Kits exclusivos  com at\u00e9 40% off<\/h2>\t\t\t\t<\/div>\n\t\t\t\t<\/div>\n\t\t\t\t<div class=\"elementor-element elementor-element-09c0592 elementor-widget elementor-widget-image\" data-id=\"09c0592\" data-element_type=\"widget\" data-widget_type=\"image.default\">\n\t\t\t\t<div class=\"elementor-widget-container\">\n\t\t\t\t\t\t\t\t\t\t\t\t\t\t\t\t<a href=\"https:\/\/ev.braip.com\/ref?pv=prodxm9x&#038;af=afi113nyv4\">\n\t\t\t\t\t\t\t<img loading=\"lazy\" decoding=\"async\" width=\"1024\" height=\"576\" src=\"https:\/\/portaldasaudeebeleza.com.br\/wp-content\/uploads\/2023\/11\/asf.001-1024x576.jpeg\" class=\"attachment-large size-large wp-image-1555\" alt=\"\" srcset=\"https:\/\/portaldasaudeebeleza.com.br\/wp-content\/uploads\/2023\/11\/asf.001-1024x576.jpeg 1024w, https:\/\/portaldasaudeebeleza.com.br\/wp-content\/uploads\/2023\/11\/asf.001-300x169.jpeg 300w, https:\/\/portaldasaudeebeleza.com.br\/wp-content\/uploads\/2023\/11\/asf.001-768x432.jpeg 768w, https:\/\/portaldasaudeebeleza.com.br\/wp-content\/uploads\/2023\/11\/asf.001-1536x864.jpeg 1536w, https:\/\/portaldasaudeebeleza.com.br\/wp-content\/uploads\/2023\/11\/asf.001.jpeg 1920w\" sizes=\"(max-width: 1024px) 100vw, 1024px\" \/>\t\t\t\t\t\t\t\t<\/a>\n\t\t\t\t\t\t\t\t\t\t\t\t\t\t\t<\/div>\n\t\t\t\t<\/div>\n\t\t\t\t<div class=\"elementor-element elementor-element-b73eea0 elementor-mobile-align-center elementor-align-center elementor-widget elementor-widget-button\" data-id=\"b73eea0\" data-element_type=\"widget\" data-widget_type=\"button.default\">\n\t\t\t\t<div class=\"elementor-widget-container\">\n\t\t\t\t\t\t\t\t\t<div class=\"elementor-button-wrapper\">\n\t\t\t\t\t<a class=\"elementor-button elementor-button-link elementor-size-sm elementor-animation-wobble-horizontal\" href=\"https:\/\/ev.braip.com\/ref?pv=prodxm9x&#038;af=afi113nyv4\">\n\t\t\t\t\t\t<span class=\"elementor-button-content-wrapper\">\n\t\t\t\t\t\t\t\t\t<span class=\"elementor-button-text\">Adquira  j\u00e1 o seu tratamento...<\/span>\n\t\t\t\t\t<\/span>\n\t\t\t\t\t<\/a>\n\t\t\t\t<\/div>\n\t\t\t\t\t\t\t\t<\/div>\n\t\t\t\t<\/div>\n\t\t\t\t\t<\/div>\n\t\t<\/div>\n\t\t\t\t\t<\/div>\n\t\t<\/section>\n\t\t\t\t<section class=\"elementor-section elementor-top-section elementor-element elementor-element-d95e509 elementor-section-boxed elementor-section-height-default elementor-section-height-default\" data-id=\"d95e509\" data-element_type=\"section\">\n\t\t\t\t\t\t<div class=\"elementor-container elementor-column-gap-default\">\n\t\t\t\t\t<div class=\"elementor-column elementor-col-100 elementor-top-column elementor-element elementor-element-723ed9d\" data-id=\"723ed9d\" data-element_type=\"column\">\n\t\t\t<div class=\"elementor-widget-wrap elementor-element-populated\">\n\t\t\t\t\t\t<div class=\"elementor-element elementor-element-5c84c8d elementor-widget elementor-widget-image\" data-id=\"5c84c8d\" data-element_type=\"widget\" data-widget_type=\"image.default\">\n\t\t\t\t<div class=\"elementor-widget-container\">\n\t\t\t\t\t\t\t\t\t\t\t\t\t\t\t<img loading=\"lazy\" decoding=\"async\" width=\"1024\" height=\"576\" src=\"https:\/\/portaldasaudeebeleza.com.br\/wp-content\/uploads\/2023\/11\/garantia.001-1024x576.jpeg\" class=\"attachment-large size-large wp-image-1571\" alt=\"\" srcset=\"https:\/\/portaldasaudeebeleza.com.br\/wp-content\/uploads\/2023\/11\/garantia.001-1024x576.jpeg 1024w, https:\/\/portaldasaudeebeleza.com.br\/wp-content\/uploads\/2023\/11\/garantia.001-300x169.jpeg 300w, https:\/\/portaldasaudeebeleza.com.br\/wp-content\/uploads\/2023\/11\/garantia.001-768x432.jpeg 768w, https:\/\/portaldasaudeebeleza.com.br\/wp-content\/uploads\/2023\/11\/garantia.001-1536x864.jpeg 1536w, https:\/\/portaldasaudeebeleza.com.br\/wp-content\/uploads\/2023\/11\/garantia.001.jpeg 1920w\" sizes=\"(max-width: 1024px) 100vw, 1024px\" \/>\t\t\t\t\t\t\t\t\t\t\t\t\t\t\t<\/div>\n\t\t\t\t<\/div>\n\t\t\t\t\t<\/div>\n\t\t<\/div>\n\t\t\t\t\t<\/div>\n\t\t<\/section>\n\t\t\t\t<section class=\"elementor-section elementor-top-section elementor-element elementor-element-5df5ddb elementor-section-boxed elementor-section-height-default elementor-section-height-default\" data-id=\"5df5ddb\" data-element_type=\"section\">\n\t\t\t\t\t\t<div class=\"elementor-container elementor-column-gap-default\">\n\t\t\t\t\t<div class=\"elementor-column elementor-col-100 elementor-top-column elementor-element elementor-element-311b67f\" data-id=\"311b67f\" data-element_type=\"column\">\n\t\t\t<div class=\"elementor-widget-wrap elementor-element-populated\">\n\t\t\t\t\t\t<div class=\"elementor-element elementor-element-61fa72c elementor-widget elementor-widget-heading\" data-id=\"61fa72c\" data-element_type=\"widget\" data-widget_type=\"heading.default\">\n\t\t\t\t<div class=\"elementor-widget-container\">\n\t\t\t\t\t<h2 class=\"elementor-heading-title elementor-size-default\">Este site participa de programas de Afiliados, o que significa que podemos receber comiss\u00e3o pelas compras realizadas via links de afiliados. \nA comiss\u00e3o n\u00e3o tem custo adicional para voc\u00ea e nos ajuda a manter este site em funcionamento. Apenas recomendamos produtos ou servi\u00e7os em que confiamos e que consideramos  \u00fateis para os usu\u00e1rios. <\/h2>\t\t\t\t<\/div>\n\t\t\t\t<\/div>\n\t\t\t\t\t<\/div>\n\t\t<\/div>\n\t\t\t\t\t<\/div>\n\t\t<\/section>\n\t\t\t\t<\/div>\n\t\t","protected":false},"excerpt":{"rendered":"<p>Renove a beleza da sua pele e recupere sua autoestima (Condi\u00e7\u00f5es especiais por tempo limitado) Conhe\u00e7a o Face Magic F\u00f3rmula americana vencedora do &#8220;High Quality 2023\u00ae&#8220;. Permite com que a folha de col\u00e1geno se dissolva, penetre e seja absorvida 100% pela pele, resultando em lifting de rejuvenescimento r\u00e1pido, antes somente poss\u00edvel em cl\u00ednicas est\u00e9ticas. Face [&hellip;]<\/p>\n","protected":false},"author":1,"featured_media":0,"parent":0,"menu_order":0,"comment_status":"closed","ping_status":"closed","template":"elementor_canvas","meta":{"site-sidebar-layout":"no-sidebar","site-content-layout":"page-builder","ast-site-content-layout":"","site-content-style":"default","site-sidebar-style":"default","ast-global-header-display":"disabled","ast-banner-title-visibility":"disabled","ast-main-header-display":"","ast-hfb-above-header-display":"","ast-hfb-below-header-display":"","ast-hfb-mobile-header-display":"","site-post-title":"disabled","ast-breadcrumbs-content":"","ast-featured-img":"disabled","footer-sml-layout":"disabled","theme-transparent-header-meta":"","adv-header-id-meta":"","stick-header-meta":"","header-above-stick-meta":"","header-main-stick-meta":"","header-below-stick-meta":"","astra-migrate-meta-layouts":"default","ast-page-background-enabled":"default","ast-page-background-meta":{"desktop":{"background-color":"var(--ast-global-color-4)","background-image":"","background-repeat":"repeat","background-position":"center center","background-size":"auto","background-attachment":"scroll","background-type":"","background-media":"","overlay-type":"","overlay-color":"","overlay-gradient":""},"tablet":{"background-color":"","background-image":"","background-repeat":"repeat","background-position":"center center","background-size":"auto","background-attachment":"scroll","background-type":"","background-media":"","overlay-type":"","overlay-color":"","overlay-gradient":""},"mobile":{"background-color":"","background-image":"","background-repeat":"repeat","background-position":"center center","background-size":"auto","background-attachment":"scroll","background-type":"","background-media":"","overlay-type":"","overlay-color":"","overlay-gradient":""}},"ast-content-background-meta":{"desktop":{"background-color":"var(--ast-global-color-5)","background-image":"","background-repeat":"repeat","background-position":"center center","background-size":"auto","background-attachment":"scroll","background-type":"","background-media":"","overlay-type":"","overlay-color":"","overlay-gradient":""},"tablet":{"background-color":"var(--ast-global-color-5)","background-image":"","background-repeat":"repeat","background-position":"center center","background-size":"auto","background-attachment":"scroll","background-type":"","background-media":"","overlay-type":"","overlay-color":"","overlay-gradient":""},"mobile":{"background-color":"var(--ast-global-color-5)","background-image":"","background-repeat":"repeat","background-position":"center center","background-size":"auto","background-attachment":"scroll","background-type":"","background-media":"","overlay-type":"","overlay-color":"","overlay-gradient":""}},"footnotes":""},"_links":{"self":[{"href":"https:\/\/portaldasaudeebeleza.com.br\/index.php\/wp-json\/wp\/v2\/pages\/1527"}],"collection":[{"href":"https:\/\/portaldasaudeebeleza.com.br\/index.php\/wp-json\/wp\/v2\/pages"}],"about":[{"href":"https:\/\/portaldasaudeebeleza.com.br\/index.php\/wp-json\/wp\/v2\/types\/page"}],"author":[{"embeddable":true,"href":"https:\/\/portaldasaudeebeleza.com.br\/index.php\/wp-json\/wp\/v2\/users\/1"}],"replies":[{"embeddable":true,"href":"https:\/\/portaldasaudeebeleza.com.br\/index.php\/wp-json\/wp\/v2\/comments?post=1527"}],"version-history":[{"count":79,"href":"https:\/\/portaldasaudeebeleza.com.br\/index.php\/wp-json\/wp\/v2\/pages\/1527\/revisions"}],"predecessor-version":[{"id":1807,"href":"https:\/\/portaldasaudeebeleza.com.br\/index.php\/wp-json\/wp\/v2\/pages\/1527\/revisions\/1807"}],"wp:attachment":[{"href":"https:\/\/portaldasaudeebeleza.com.br\/index.php\/wp-json\/wp\/v2\/media?parent=1527"}],"curies":[{"name":"wp","href":"https:\/\/api.w.org\/{rel}","templated":true}]}}